{"id":15590,"date":"2021-11-15T03:06:30","date_gmt":"2022-09-02T12:09:15","guid":{"rendered":"https:\/\/staging.colonelgustave.com\/produit\/vers-varkensvlees-pompoen-en-brandnetel\/"},"modified":"2024-03-20T09:17:50","modified_gmt":"2024-03-20T08:17:50","slug":"hond-varken-kroketten","status":"publish","type":"product","link":"https:\/\/staging.colonelgustave.com\/nl\/product\/hond-varken-kroketten\/","title":{"rendered":"Vers varkensvlees, pompoen en brandnetel"},"content":{"rendered":"","protected":false},"excerpt":{"rendered":"Onze ingredi\u00ebnten zijn zorgvuldig geselecteerd en samengesteld door voedingsdeskundigen om een voerbak te cre\u00ebren die perfect voldoet aan de behoeften van onze viervoetige vrienden. Papieren zak met een 100% recycleerbare ma\u00efszetmeel coating (om in de papierbak te gooien!)","protected":false},"featured_media":27347,"template":"","meta":{"_acf_changed":false},"product_brand":[],"product_cat":[577,559,592,527,593,470],"product_tag":[435,439,436,440,463,402,437,438,442],"class_list":{"0":"post-15590","1":"product","2":"type-product","3":"status-publish","4":"has-post-thumbnail","6":"product_cat-animal","7":"product_cat-chien-adulte-2","8":"product_cat-dier","9":"product_cat-hond","10":"product_cat-hond-nl","11":"product_cat-volwassen-hondenbrokken-medium-groot-nl","12":"product_tag-chondroitine-nl","13":"product_tag-eiwitrijk-nl","14":"product_tag-glucosamine-nl","15":"product_tag-graanvrij-nl","16":"product_tag-holistisch-nl","17":"product_tag-hypoallergeen","18":"product_tag-lokale-ingredienten-nl","19":"product_tag-omega-3-nl","20":"product_tag-vers-vlees-nl","21":"has-subscription-plans","23":"first","24":"instock","25":"taxable","26":"shipping-taxable","27":"purchasable","28":"product-type-variable","29":"has-default-attributes"},"acf":[],"_links":{"self":[{"href":"https:\/\/staging.colonelgustave.com\/nl\/wp-json\/wp\/v2\/product\/15590","targetHints":{"allow":["GET"]}}],"collection":[{"href":"https:\/\/staging.colonelgustave.com\/nl\/wp-json\/wp\/v2\/product"}],"about":[{"href":"https:\/\/staging.colonelgustave.com\/nl\/wp-json\/wp\/v2\/types\/product"}],"wp:featuredmedia":[{"embeddable":true,"href":"https:\/\/staging.colonelgustave.com\/nl\/wp-json\/wp\/v2\/media\/27347"}],"wp:attachment":[{"href":"https:\/\/staging.colonelgustave.com\/nl\/wp-json\/wp\/v2\/media?parent=15590"}],"wp:term":[{"taxonomy":"product_brand","embeddable":true,"href":"https:\/\/staging.colonelgustave.com\/nl\/wp-json\/wp\/v2\/product_brand?post=15590"},{"taxonomy":"product_cat","embeddable":true,"href":"https:\/\/staging.colonelgustave.com\/nl\/wp-json\/wp\/v2\/product_cat?post=15590"},{"taxonomy":"product_tag","embeddable":true,"href":"https:\/\/staging.colonelgustave.com\/nl\/wp-json\/wp\/v2\/product_tag?post=15590"}],"curies":[{"name":"wp","href":"https:\/\/api.w.org\/{rel}","templated":true}]}}