{"id":10855,"date":"2021-01-04T15:36:00","date_gmt":"2021-01-04T14:36:00","guid":{"rendered":"https:\/\/staging.colonelgustave.com\/produit\/kong-wobbler-l\/"},"modified":"2024-01-11T10:52:39","modified_gmt":"2024-01-11T09:52:39","slug":"kong-wobbler-l-2","status":"publish","type":"product","link":"https:\/\/staging.colonelgustave.com\/nl\/product\/kong-wobbler-l-2\/","title":{"rendered":"Kong Wobbler L"},"content":{"rendered":"<div class=\"mpg-col-24 mpg-col-md-10\">\n<div id=\"product-summary\">\n<div class=\"advantages\">\n<p><span style=\"color: #000000;\">De Kong Wobbler is een voederautomaat speeltje dat actie en mentaal stimulerende speelsessies belooft. Het speeltje, in de klassieke KONG vorm, staat rechtop totdat de hond er met zijn poot of neus tegen duwt. Hij deelt dan smakelijke beloningen uit terwijl hij slingert, draait en rolt. De onvoorspelbare bewegingen maken het tot een onweerstaanbaar speeltje voor zelfs de meest ervaren gebruikers, dat de natuurlijke instincten van honden stimuleert. De Kong Wobbler kan ook worden gebruikt als vervanging voor de voerbak om de voedertijd te verlengen en uw hond aan te moedigen om te bewegen. Probeert u uw hond te laten afvallen? De Kong Wobbler is een geweldige manier om uw hond aan te moedigen tot beweging en tegelijkertijd hem aan te moedigen moeite te doen om te eten.<\/span><\/p>\n<p><strong><span style=\"color: #000000;\">Alleen verkrijgbaar in maat Large (L 19 x B 13 cm)<\/span><\/strong><\/p>\n<p><em><span style=\"color: #00ccff;\"><a style=\"color: #00ccff;\" href=\"https:\/\/www.youtube.com\/watch?v=9B3hlSmKJ5U\">Klik hier om de offici\u00eble video van het beste hondenspel te bekijken. <\/a><\/span><\/em><\/p>\n<\/div>\n<\/div>\n<\/div>\n","protected":false},"excerpt":{"rendered":"<div class=\"mpg-col-24 mpg-col-md-10\">\r\n<div id=\"product-summary\">\r\n<div class=\"advantages\">\r\n\r\n<span style=\"color: #000000;\">De Wobbler is een uitstekend spel voor honden die te snel eten. De hond zal zijn neus, zijn poten en zijn intelligentie moeten gebruiken om de brokjes er \u00e9\u00e9n voor \u00e9\u00e9n uit te krijgen. Door zijn onvoorspelbare bewegingen blijft het speelgoed een uitdaging, zelfs voor getrainde honden.<\/span>\r\n<ul>\r\n \t<li><span style=\"color: #000000;\">Leuk alternatief voor de voerbak<\/span><\/li>\r\n \t<li><span style=\"color: #000000;\">Hoogwaardig voedselveilig plastic<\/span><\/li>\r\n \t<li><span style=\"color: #000000;\">Een leuke mentale uitdaging<\/span><\/li>\r\n \t<li><span style=\"color: #000000;\">Vaatwasmachinebestendig<\/span><\/li>\r\n \t<li><span style=\"color: #000000;\">Gemakkelijk te vullen<\/span><\/li>\r\n<\/ul>\r\nmaat L (L 19 x B 13 cm)\r\n\r\n<\/div>\r\n<\/div>\r\n<\/div>","protected":false},"featured_media":19391,"template":"","meta":{"_acf_changed":false},"product_brand":[],"product_cat":[326,250,241],"product_tag":[],"class_list":{"0":"post-10855","1":"product","2":"type-product","3":"status-publish","4":"has-post-thumbnail","6":"product_cat-spelletjes","7":"product_cat-uitrusting","8":"product_cat-voeding","9":"has-subscription-plans","11":"first","12":"outofstock","13":"sale","14":"taxable","15":"shipping-taxable","16":"purchasable","17":"product-type-simple"},"acf":[],"_links":{"self":[{"href":"https:\/\/staging.colonelgustave.com\/nl\/wp-json\/wp\/v2\/product\/10855","targetHints":{"allow":["GET"]}}],"collection":[{"href":"https:\/\/staging.colonelgustave.com\/nl\/wp-json\/wp\/v2\/product"}],"about":[{"href":"https:\/\/staging.colonelgustave.com\/nl\/wp-json\/wp\/v2\/types\/product"}],"wp:featuredmedia":[{"embeddable":true,"href":"https:\/\/staging.colonelgustave.com\/nl\/wp-json\/wp\/v2\/media\/19391"}],"wp:attachment":[{"href":"https:\/\/staging.colonelgustave.com\/nl\/wp-json\/wp\/v2\/media?parent=10855"}],"wp:term":[{"taxonomy":"product_brand","embeddable":true,"href":"https:\/\/staging.colonelgustave.com\/nl\/wp-json\/wp\/v2\/product_brand?post=10855"},{"taxonomy":"product_cat","embeddable":true,"href":"https:\/\/staging.colonelgustave.com\/nl\/wp-json\/wp\/v2\/product_cat?post=10855"},{"taxonomy":"product_tag","embeddable":true,"href":"https:\/\/staging.colonelgustave.com\/nl\/wp-json\/wp\/v2\/product_tag?post=10855"}],"curies":[{"name":"wp","href":"https:\/\/api.w.org\/{rel}","templated":true}]}}