{"id":31931,"date":"2024-07-01T11:42:53","date_gmt":"2024-07-01T09:42:53","guid":{"rendered":"https:\/\/staging.colonelgustave.com\/?post_type=product&#038;p=31931"},"modified":"2025-05-20T04:50:37","modified_gmt":"2025-05-20T02:50:37","slug":"bois-de-cerf","status":"publish","type":"product","link":"https:\/\/staging.colonelgustave.com\/en\/product\/bois-de-cerf\/","title":{"rendered":"Bois de cerf"},"content":{"rendered":"","protected":false},"excerpt":{"rendered":"Offrir \u00e0 votre chien un morceau de <strong>bois de cerf<\/strong>, c&#8217;est lui offrir une exp\u00e9rience de <strong>mastication naturelle<\/strong> et<strong> b\u00e9n\u00e9fique<\/strong>. Les chiens adorent le c\u00f4t\u00e9 robuste et durable de cette friandise <strong>riche en min\u00e9raux essentiels<\/strong>. En plus de satisfaire leur instinct de mastication, le bois de cerf contribue \u00e0 une <strong>meilleure hygi\u00e8ne dentaire<\/strong>, aidant \u00e0 nettoyer leurs dents tout en leur procurant des heures de plaisir pur et simple.\r\n<div>\r\n\r\n\u2764\ufe0f Friandise naturelle\r\n\r\n\ud83d\udcaaRiche en calcium et magn\u00e9sium\r\n\r\n\ud83e\udd8cSain\r\n\r\n&nbsp;\r\n\r\n&nbsp;\r\n\r\n<\/div>","protected":false},"featured_media":32018,"template":"","meta":{"_acf_changed":false},"product_brand":[],"product_cat":[567,577,523,578,553,343,555],"product_tag":[],"class_list":{"0":"post-31931","1":"product","2":"type-product","3":"status-publish","4":"has-post-thumbnail","6":"product_cat-accessoires","7":"product_cat-animal","8":"product_cat-chien","9":"product_cat-chien-2","10":"product_cat-filters","11":"product_cat-friandises","12":"product_cat-type-de-produit","14":"first","15":"instock","16":"taxable","17":"shipping-taxable","18":"purchasable","19":"product-type-simple"},"acf":[],"_links":{"self":[{"href":"https:\/\/staging.colonelgustave.com\/en\/wp-json\/wp\/v2\/product\/31931","targetHints":{"allow":["GET"]}}],"collection":[{"href":"https:\/\/staging.colonelgustave.com\/en\/wp-json\/wp\/v2\/product"}],"about":[{"href":"https:\/\/staging.colonelgustave.com\/en\/wp-json\/wp\/v2\/types\/product"}],"wp:featuredmedia":[{"embeddable":true,"href":"https:\/\/staging.colonelgustave.com\/en\/wp-json\/wp\/v2\/media\/32018"}],"wp:attachment":[{"href":"https:\/\/staging.colonelgustave.com\/en\/wp-json\/wp\/v2\/media?parent=31931"}],"wp:term":[{"taxonomy":"product_brand","embeddable":true,"href":"https:\/\/staging.colonelgustave.com\/en\/wp-json\/wp\/v2\/product_brand?post=31931"},{"taxonomy":"product_cat","embeddable":true,"href":"https:\/\/staging.colonelgustave.com\/en\/wp-json\/wp\/v2\/product_cat?post=31931"},{"taxonomy":"product_tag","embeddable":true,"href":"https:\/\/staging.colonelgustave.com\/en\/wp-json\/wp\/v2\/product_tag?post=31931"}],"curies":[{"name":"wp","href":"https:\/\/api.w.org\/{rel}","templated":true}]}}